{"id":9,"date":"2021-09-26T18:45:12","date_gmt":"2021-09-26T21:45:12","guid":{"rendered":"http:\/\/projetoaprenderesonhar.org.br\/?page_id=9"},"modified":"2023-08-17T21:18:12","modified_gmt":"2023-08-18T00:18:12","slug":"home","status":"publish","type":"page","link":"https:\/\/projetoaprenderesonhar.org.br\/","title":{"rendered":""},"content":{"rendered":"<div id=\"pl-9\"  class=\"panel-layout\" ><div id=\"pg-9-0\"  class=\"panel-grid panel-has-style\" ><div class=\"siteorigin-panels-stretch panel-row-style panel-row-style-for-9-0\" style=\"padding: 0px 0; \" data-stretch-type=\"full-stretched\" data-overlay=\"true\" data-overlay-color=\"#000000\" ><div id=\"pgc-9-0-0\"  class=\"panel-grid-cell\" ><div id=\"panel-9-0-0-0\" class=\"so-panel widget widget_sow-hero panel-first-child panel-last-child\" data-index=\"0\" ><div style=\"text-align: left;\" data-title-color=\"#ffffff\" data-headings-color=\"#ffffff\" class=\"panel-widget-style panel-widget-style-for-9-0-0-0\" ><div class=\"so-widget-sow-hero so-widget-sow-hero-default-64d4294c3551-9 so-widget-fittext-wrapper\" data-fit-text-compressor=\"0.85\"><div class=\"sow-slider-base\" style=\"display: none\"><ul class=\"sow-slider-images\" data-settings=\"{&quot;pagination&quot;:true,&quot;speed&quot;:800,&quot;timeout&quot;:8000,&quot;paused&quot;:false,&quot;pause_on_hover&quot;:false,&quot;swipe&quot;:true,&quot;nav_always_show_desktop&quot;:&quot;&quot;,&quot;nav_always_show_mobile&quot;:&quot;&quot;,&quot;breakpoint&quot;:&quot;780px&quot;}\">\t\t<li class=\"sow-slider-image  sow-slider-image-cover\" style=\"background-color: #444444\" >\n\t\t\t\t\t<div class=\"sow-slider-image-container\">\n\t\t\t<div class=\"sow-slider-image-wrapper\">\n\t\t\t\t<h1 style=\"text-align: center\">Encorajando Sonhos<\/h1>\n<div class=\"sow-hero-buttons\" style=\"text-align: center\"><div class=\"so-widget-sow-button so-widget-sow-button-flat-212c79fa2b58\"><div class=\"ow-button-base ow-button-align-center\">\n\t<a href=\"mailto:contato@projetoaprenderesonhar.org.br\" class=\"ow-icon-placement-left ow-button-hover\" \t\t>\n\t\t<span>\n\t\t\t\n\t\t\tSeja Volunt\u00e1rio\t\t<\/span>\n\t<\/a>\n<\/div>\n<\/div><\/div>\t\t\t<\/div>\n\t\t<\/div>\n\t\t<div class=\"sow-slider-image-overlay sow-slider-image-cover\" style=\"background-image: url(https:\/\/projetoaprenderesonhar.org.br\/wp-content\/uploads\/2021\/09\/72461761_2305199019606972_1798740708815798272_o.jpg);opacity: 0.86\"  ><\/div>\t\t<\/li>\n\t\t<\/ul>\t\t\t\t<ol class=\"sow-slider-pagination\">\n\t\t\t\t\t\t\t\t\t\t\t<li><a href=\"#\" data-goto=\"0\" aria-label=\"display slide 1\"><\/a><\/li>\n\t\t\t\t\t\t\t\t\t<\/ol>\n\n\t\t\t\t<div class=\"sow-slide-nav sow-slide-nav-next\">\n\t\t\t\t\t<a href=\"#\" data-goto=\"next\" aria-label=\"next slide\" data-action=\"next\">\n\t\t\t\t\t\t<em class=\"sow-sld-icon-thin-right\"><\/em>\n\t\t\t\t\t<\/a>\n\t\t\t\t<\/div>\n\n\t\t\t\t<div class=\"sow-slide-nav sow-slide-nav-prev\">\n\t\t\t\t\t<a href=\"#\" data-goto=\"previous\" aria-label=\"previous slide\" data-action=\"prev\">\n\t\t\t\t\t\t<em class=\"sow-sld-icon-thin-left\"><\/em>\n\t\t\t\t\t<\/a>\n\t\t\t\t<\/div>\n\t\t\t\t<\/div><\/div><\/div><\/div><\/div><\/div><\/div><div id=\"pg-9-1\"  class=\"panel-grid panel-has-style\" ><div class=\"siteorigin-panels-stretch panel-row-style panel-row-style-for-9-1\" style=\"padding: 80px 0; \" data-stretch-type=\"full-stretched\" data-overlay=\"true\" data-overlay-color=\"#000000\" ><div id=\"pgc-9-1-0\"  class=\"panel-grid-cell\" ><div id=\"panel-9-1-0-0\" class=\"so-panel widget widget_sow-headline panel-first-child\" data-index=\"1\" ><div style=\"text-align: left;\" data-title-color=\"#ffffff\" data-headings-color=\"#ffffff\" class=\"panel-widget-style panel-widget-style-for-9-1-0-0\" ><div class=\"so-widget-sow-headline so-widget-sow-headline-default-5ef7fc1911c3-9 so-widget-fittext-wrapper\" data-fit-text-compressor=\"0.85\"><div class=\"sow-headline-container \">\n\t<h3 class='sow-headline'>\"Nossas crian\u00e7as s\u00e3o \u00fanicas, e as tratamos assim!\"<\/h3><\/div><\/div><\/div><\/div><div id=\"panel-9-1-0-1\" class=\"so-panel widget widget_sow-button panel-last-child\" data-index=\"2\" ><div style=\"text-align: left;\" data-title-color=\"#443f3f\" data-headings-color=\"#443f3f\" class=\"panel-widget-style panel-widget-style-for-9-1-0-1\" ><div class=\"so-widget-sow-button so-widget-sow-button-flat-281a4e1b830a-9\"><div class=\"ow-button-base ow-button-align-center\">\n\t<a href=\"https:\/\/projetoaprenderesonhar.org.br\/?page_id=134\" class=\"ow-icon-placement-left ow-button-hover\" target=\"_blank\" rel=\"noopener noreferrer\" \t\t>\n\t\t<span>\n\t\t\t\n\t\t\tSEJA UM PATROCINADOR\t\t<\/span>\n\t<\/a>\n<\/div>\n<\/div><\/div><\/div><\/div><\/div><\/div><div id=\"pg-9-2\"  class=\"panel-grid panel-has-style\" ><div class=\"siteorigin-panels-stretch panel-row-style panel-row-style-for-9-2\" style=\"padding: 2% 0; \" data-stretch-type=\"full\" data-overlay=\"true\" ><div id=\"pgc-9-2-0\"  class=\"panel-grid-cell\" ><div id=\"panel-9-2-0-0\" class=\"so-panel widget widget_sow-features panel-first-child panel-last-child\" data-index=\"3\" ><div style=\"text-align: left;\" data-title-color=\"#443f3f\" data-headings-color=\"#443f3f\" class=\"panel-widget-style panel-widget-style-for-9-2-0-0\" ><div class=\"so-widget-sow-features so-widget-sow-features-default-f358f5df514b-9\">\n<div class=\"sow-features-list sow-features-responsive\">\n\n\t\t\t\n\t\t\t<div class=\"sow-features-feature sow-icon-container-position-top sow-features-feature-last-row\" style=\"width: 25%\">\n\n\t\t\t\t\t\t\t\t<div\n\t\t\t\t\tclass=\"sow-icon-container sow-container-sticker\"\n                    style=\"color: #0071bc; \"\n\t\t\t\t\t>\n\t\t\t\t\t<span class=\"sow-icon-fontawesome sow-fas\" data-sow-icon=\"&#xf5d1;\"\n\t\tstyle=\"font-size: 70px; color: #FFFFFF\" ><\/span>\t\t\t\t<\/div>\n\t\t\t\t\n\t\t\t\t<div class=\"textwidget\">\n\t\t\t\t\t\t\t\t\t\t\t<h3>\n\t\t\t\t\t\t\t\t\t\t\t\t\t\t15780\t\t\t\t\t\t\t\t\t\t\t\t\t<\/h3>\n\t\t\t\t\t\n\t\t\t\t\t\t\t\t\t\t\t<p>Refei\u00e7\u00f5es servidas<\/p>\n\t\t\t\t\t\n\t\t\t\t\t\t\t\t\t<\/div>\n\t\t\t<\/div>\n\n\t\t\n\t\t\t<div class=\"sow-features-feature sow-icon-container-position-top sow-features-feature-last-row\" style=\"width: 25%\">\n\n\t\t\t\t\t\t\t\t<div\n\t\t\t\t\tclass=\"sow-icon-container sow-container-sticker\"\n                    style=\"color: #00a99d; \"\n\t\t\t\t\t>\n\t\t\t\t\t<span class=\"sow-icon-fontawesome sow-fas\" data-sow-icon=\"&#xf5da;\"\n\t\tstyle=\"font-size: 70px; color: #FFFFFF\" ><\/span>\t\t\t\t<\/div>\n\t\t\t\t\n\t\t\t\t<div class=\"textwidget\">\n\t\t\t\t\t\t\t\t\t\t\t<h3>\n\t\t\t\t\t\t\t\t\t\t\t\t\t\t813\t\t\t\t\t\t\t\t\t\t\t\t\t<\/h3>\n\t\t\t\t\t\n\t\t\t\t\t\t\t\t\t\t\t<p>Aulas ministradas por m\u00eas.<\/p>\n\t\t\t\t\t\n\t\t\t\t\t\t\t\t\t<\/div>\n\t\t\t<\/div>\n\n\t\t\n\t\t\t<div class=\"sow-features-feature sow-icon-container-position-top sow-features-feature-last-row\" style=\"width: 25%\">\n\n\t\t\t\t\t\t\t\t<div\n\t\t\t\t\tclass=\"sow-icon-container sow-container-sticker\"\n                    style=\"color: #0071bc; \"\n\t\t\t\t\t>\n\t\t\t\t\t<span class=\"sow-icon-fontawesome sow-fas\" data-sow-icon=\"&#xf291;\"\n\t\tstyle=\"font-size: 70px; color: #FFFFFF\" ><\/span>\t\t\t\t<\/div>\n\t\t\t\t\n\t\t\t\t<div class=\"textwidget\">\n\t\t\t\t\t\t\t\t\t\t\t<h3>\n\t\t\t\t\t\t\t\t\t\t\t\t\t\t460\t\t\t\t\t\t\t\t\t\t\t\t\t<\/h3>\n\t\t\t\t\t\n\t\t\t\t\t\t\t\t\t\t\t<p>Cestas b\u00e1sicas entregues por m\u00eas<\/p>\n\t\t\t\t\t\n\t\t\t\t\t\t\t\t\t<\/div>\n\t\t\t<\/div>\n\n\t\t\n\t\t\t<div class=\"sow-features-feature sow-icon-container-position-top sow-features-feature-last-row\" style=\"width: 25%\">\n\n\t\t\t\t\t\t\t\t<div\n\t\t\t\t\tclass=\"sow-icon-container sow-container-sticker\"\n                    style=\"color: #00a99d; \"\n\t\t\t\t\t>\n\t\t\t\t\t<span class=\"sow-icon-fontawesome sow-fas\" data-sow-icon=\"&#xf030;\"\n\t\tstyle=\"font-size: 70px; color: #FFFFFF\" ><\/span>\t\t\t\t<\/div>\n\t\t\t\t\n\t\t\t\t<div class=\"textwidget\">\n\t\t\t\t\t\t\t\t\t\t\t<h3>\n\t\t\t\t\t\t\t\t\t\t\t\t\t\t42\t\t\t\t\t\t\t\t\t\t\t\t\t<\/h3>\n\t\t\t\t\t\n\t\t\t\t\t\t\t\t\t\t\t<p style=\"text-align: center;\">Passeios<br \/>(Parques, Museus, Zool\u00f3gico, etc)<\/p>\t\t\t\t\t\n\t\t\t\t\t\t\t\t\t<\/div>\n\t\t\t<\/div>\n\n\t\t\t\n<\/div>\n<\/div><\/div><\/div><\/div><\/div><\/div><div id=\"pg-9-3\"  class=\"panel-grid panel-has-style\" ><div class=\"siteorigin-panels-stretch panel-row-style panel-row-style-for-9-3\" style=\"padding: 50px 0; \" data-stretch-type=\"full-stretched\" data-overlay=\"true\" data-overlay-color=\"#000000\" ><div id=\"pgc-9-3-0\"  class=\"panel-grid-cell\" ><div id=\"panel-9-3-0-0\" class=\"so-panel widget widget_sow-hero panel-first-child panel-last-child\" data-index=\"4\" ><div style=\"text-align: left;\" data-title-color=\"#ffffff\" data-headings-color=\"#ffffff\" class=\"panel-widget-style panel-widget-style-for-9-3-0-0\" ><div class=\"so-widget-sow-hero so-widget-sow-hero-default-d34b87bf31a7-9 so-widget-fittext-wrapper\" data-fit-text-compressor=\"0.85\"><div class=\"sow-slider-base\" style=\"display: none\"><ul class=\"sow-slider-images\" data-settings=\"{&quot;pagination&quot;:true,&quot;speed&quot;:800,&quot;timeout&quot;:8000,&quot;paused&quot;:false,&quot;pause_on_hover&quot;:false,&quot;swipe&quot;:true,&quot;nav_always_show_desktop&quot;:&quot;&quot;,&quot;nav_always_show_mobile&quot;:&quot;&quot;,&quot;breakpoint&quot;:&quot;780px&quot;}\">\t\t<li class=\"sow-slider-image  sow-slider-image-cover\" style=\"background-color: #444444\" >\n\t\t\t\t\t<div class=\"sow-slider-image-container\">\n\t\t\t<div class=\"sow-slider-image-wrapper\">\n\t\t\t\t<h1 style=\"text-align: center\">\"Encorajar crian\u00e7as e jovens perif\u00e9ricos<\/h1>\n<h1 style=\"text-align: center\">a se tornarem protagonistas na<\/h1>\n<h1 style=\"text-align: center\">transforma\u00e7\u00e3o\u00a0de sua realidade social.\"<\/h1>\n\t\t\t<\/div>\n\t\t<\/div>\n\t\t<div class=\"sow-slider-image-overlay sow-slider-image-cover\" style=\"background-image: url(https:\/\/projetoaprenderesonhar.org.br\/wp-content\/uploads\/2021\/09\/WhatsApp-Image-2020-05-13-at-15.10.19.jpeg);opacity: 0.5\"  ><\/div>\t\t<\/li>\n\t\t<\/ul>\t\t\t\t<ol class=\"sow-slider-pagination\">\n\t\t\t\t\t\t\t\t\t\t\t<li><a href=\"#\" data-goto=\"0\" aria-label=\"display slide 1\"><\/a><\/li>\n\t\t\t\t\t\t\t\t\t<\/ol>\n\n\t\t\t\t<div class=\"sow-slide-nav sow-slide-nav-next\">\n\t\t\t\t\t<a href=\"#\" data-goto=\"next\" aria-label=\"next slide\" data-action=\"next\">\n\t\t\t\t\t\t<em class=\"sow-sld-icon-thin-right\"><\/em>\n\t\t\t\t\t<\/a>\n\t\t\t\t<\/div>\n\n\t\t\t\t<div class=\"sow-slide-nav sow-slide-nav-prev\">\n\t\t\t\t\t<a href=\"#\" data-goto=\"previous\" aria-label=\"previous slide\" data-action=\"prev\">\n\t\t\t\t\t\t<em class=\"sow-sld-icon-thin-left\"><\/em>\n\t\t\t\t\t<\/a>\n\t\t\t\t<\/div>\n\t\t\t\t<\/div><\/div><\/div><\/div><\/div><\/div><\/div><div id=\"pg-9-4\"  class=\"panel-grid panel-has-style\" ><div class=\"siteorigin-panels-stretch panel-row-style panel-row-style-for-9-4\" style=\"padding: 0px 0; \" data-stretch-type=\"full\" data-overlay=\"true\" data-overlay-color=\"#000000\" ><div id=\"pgc-9-4-0\"  class=\"panel-grid-cell\" ><div id=\"panel-9-4-0-0\" class=\"so-panel widget widget_sow-headline panel-first-child panel-last-child\" data-index=\"5\" ><div style=\"text-align: left;\" data-title-color=\"#443f3f\" data-headings-color=\"#443f3f\" class=\"panel-widget-style panel-widget-style-for-9-4-0-0\" ><div class=\"so-widget-sow-headline so-widget-sow-headline-default-7bbc6ad797d0-9 so-widget-fittext-wrapper\" data-fit-text-compressor=\"0.85\"><div class=\"sow-headline-container \">\n\t<h2 class='sow-headline'>Seja um Parceiro<\/h2><\/div><\/div><\/div><\/div><\/div><\/div><\/div><div id=\"pg-9-5\"  class=\"panel-grid panel-has-style\" ><div class=\"siteorigin-panels-stretch panel-row-style panel-row-style-for-9-5\" style=\"padding: 20px 0; \" data-stretch-type=\"full\" data-overlay=\"true\" data-overlay-color=\"#000000\" ><div id=\"pgc-9-5-0\"  class=\"panel-grid-cell\" ><div id=\"panel-9-5-0-0\" class=\"so-panel widget widget_sow-image panel-first-child\" data-index=\"6\" ><div style=\"text-align: left;\" data-title-color=\"#443f3f\" data-headings-color=\"#443f3f\" class=\"panel-widget-style panel-widget-style-for-9-5-0-0\" ><div class=\"so-widget-sow-image so-widget-sow-image-default-17bc2272b535-9\">\n\n<div class=\"sow-image-container\">\n\t\t<img src=\"https:\/\/projetoaprenderesonhar.org.br\/wp-content\/uploads\/2021\/09\/53796569_1951957051597839_84236012460441600_n-300x300.jpg\" width=\"300\" height=\"300\" srcset=\"https:\/\/projetoaprenderesonhar.org.br\/wp-content\/uploads\/2021\/09\/53796569_1951957051597839_84236012460441600_n-300x300.jpg 300w, https:\/\/projetoaprenderesonhar.org.br\/wp-content\/uploads\/2021\/09\/53796569_1951957051597839_84236012460441600_n-150x150.jpg 150w, https:\/\/projetoaprenderesonhar.org.br\/wp-content\/uploads\/2021\/09\/53796569_1951957051597839_84236012460441600_n-768x768.jpg 768w, https:\/\/projetoaprenderesonhar.org.br\/wp-content\/uploads\/2021\/09\/53796569_1951957051597839_84236012460441600_n-920x920.jpg 920w, https:\/\/projetoaprenderesonhar.org.br\/wp-content\/uploads\/2021\/09\/53796569_1951957051597839_84236012460441600_n-230x230.jpg 230w, https:\/\/projetoaprenderesonhar.org.br\/wp-content\/uploads\/2021\/09\/53796569_1951957051597839_84236012460441600_n-350x350.jpg 350w, https:\/\/projetoaprenderesonhar.org.br\/wp-content\/uploads\/2021\/09\/53796569_1951957051597839_84236012460441600_n-480x480.jpg 480w, https:\/\/projetoaprenderesonhar.org.br\/wp-content\/uploads\/2021\/09\/53796569_1951957051597839_84236012460441600_n.jpg 960w\" sizes=\"(max-width: 300px) 100vw, 300px\" alt=\"\" loading=\"lazy\" \t\tclass=\"so-widget-image\"\/>\n\t<\/div>\n\n<\/div><\/div><\/div><div id=\"panel-9-5-0-1\" class=\"so-panel widget widget_sow-headline panel-last-child\" data-index=\"7\" ><div style=\"text-align: left;\" data-title-color=\"#443f3f\" data-headings-color=\"#00a99d\" class=\"panel-widget-style panel-widget-style-for-9-5-0-1\" ><div class=\"so-widget-sow-headline so-widget-sow-headline-default-31dce4890812-9 so-widget-fittext-wrapper\" data-fit-text-compressor=\"0.85\"><div class=\"sow-headline-container \">\n\t<h3 class='sow-headline'>\t\t\t\t\t\t<a href=\"https:\/\/api.whatsapp.com\/send?1=pt_BR&#038;phone=5511981142215\" >\n\t\t\t\t\tWHATSAPP<\/a><\/h3>\t\t\t\t\t<div class=\"decoration\">\n\t\t\t\t\t\t<div class=\"decoration-inside\"><\/div>\n\t\t\t\t\t<\/div>\n\t\t\t\t\t<h6 class='sow-sub-headline'>\t\t\t\t\t\t<a href=\"https:\/\/api.whatsapp.com\/send?1=pt_BR&#038;phone=5511981142215\" >\n\t\t\t\t\tCLIQUE AQUI<\/a><\/h6><\/div><\/div><\/div><\/div><\/div><div id=\"pgc-9-5-1\"  class=\"panel-grid-cell\" ><div id=\"panel-9-5-1-0\" class=\"so-panel widget widget_sow-image panel-first-child\" data-index=\"8\" ><div style=\"text-align: left;\" data-title-color=\"#443f3f\" data-headings-color=\"#443f3f\" class=\"panel-widget-style panel-widget-style-for-9-5-1-0\" ><div class=\"so-widget-sow-image so-widget-sow-image-default-17bc2272b535-9\">\n\n<div class=\"sow-image-container\">\n\t\t<img src=\"https:\/\/projetoaprenderesonhar.org.br\/wp-content\/uploads\/2021\/09\/WhatsApp-Image-2020-04-29-at-14.07.37-2-300x300.jpeg\" width=\"300\" height=\"300\" srcset=\"https:\/\/projetoaprenderesonhar.org.br\/wp-content\/uploads\/2021\/09\/WhatsApp-Image-2020-04-29-at-14.07.37-2-300x300.jpeg 300w, https:\/\/projetoaprenderesonhar.org.br\/wp-content\/uploads\/2021\/09\/WhatsApp-Image-2020-04-29-at-14.07.37-2-150x150.jpeg 150w, https:\/\/projetoaprenderesonhar.org.br\/wp-content\/uploads\/2021\/09\/WhatsApp-Image-2020-04-29-at-14.07.37-2-768x768.jpeg 768w, https:\/\/projetoaprenderesonhar.org.br\/wp-content\/uploads\/2021\/09\/WhatsApp-Image-2020-04-29-at-14.07.37-2-230x230.jpeg 230w, https:\/\/projetoaprenderesonhar.org.br\/wp-content\/uploads\/2021\/09\/WhatsApp-Image-2020-04-29-at-14.07.37-2-350x350.jpeg 350w, https:\/\/projetoaprenderesonhar.org.br\/wp-content\/uploads\/2021\/09\/WhatsApp-Image-2020-04-29-at-14.07.37-2-480x480.jpeg 480w, https:\/\/projetoaprenderesonhar.org.br\/wp-content\/uploads\/2021\/09\/WhatsApp-Image-2020-04-29-at-14.07.37-2.jpeg 848w\" sizes=\"(max-width: 300px) 100vw, 300px\" title=\"WhatsApp Image 2020-04-29 at 14.07.37-2\" alt=\"\" loading=\"lazy\" \t\tclass=\"so-widget-image\"\/>\n\t<\/div>\n\n<\/div><\/div><\/div><div id=\"panel-9-5-1-1\" class=\"so-panel widget widget_sow-headline panel-last-child\" data-index=\"9\" ><div style=\"text-align: left;\" data-title-color=\"#443f3f\" data-headings-color=\"#0071bc\" class=\"panel-widget-style panel-widget-style-for-9-5-1-1\" ><div class=\"so-widget-sow-headline so-widget-sow-headline-default-ad3d9ac5fc70-9 so-widget-fittext-wrapper\" data-fit-text-compressor=\"0.85\"><div class=\"sow-headline-container \">\n\t<h3 class='sow-headline'>\t\t\t\t\t\t<a href=\"mailto:contato@projetoaprenderesonhar.org.br\" >\n\t\t\t\t\tEMAIL<\/a><\/h3>\t\t\t\t\t<div class=\"decoration\">\n\t\t\t\t\t\t<div class=\"decoration-inside\"><\/div>\n\t\t\t\t\t<\/div>\n\t\t\t\t\t<h6 class='sow-sub-headline'>\t\t\t\t\t\t<a href=\"mailto:contato@projetoaprenderesonhar.org.br\" >\n\t\t\t\t\tCLIQUE AQUI<\/a><\/h6><\/div><\/div><\/div><\/div><\/div><\/div><\/div><div id=\"pg-9-6\"  class=\"panel-grid panel-has-style\" ><div class=\"siteorigin-panels-stretch panel-row-style panel-row-style-for-9-6\" style=\"padding: 60px 0; \" data-stretch-type=\"full\" data-overlay=\"true\" data-overlay-color=\"#000000\" ><div id=\"pgc-9-6-0\"  class=\"panel-grid-cell\" ><div id=\"panel-9-6-0-0\" class=\"so-panel widget widget_media_gallery panel-first-child panel-last-child\" data-index=\"10\" ><div style=\"text-align: left;\" data-title-color=\"#443f3f\" data-headings-color=\"#443f3f\" class=\"panel-widget-style panel-widget-style-for-9-6-0-0\" ><div id='gallery-1' class='gallery galleryid-9 gallery-columns-3 gallery-size-full'><figure class='gallery-item'>\n\t\t\t<div class='gallery-icon landscape'>\n\t\t\t\t<a href='https:\/\/projetoaprenderesonhar.org.br\/?attachment_id=42'><img width=\"695\" height=\"521\" src=\"https:\/\/projetoaprenderesonhar.org.br\/wp-content\/uploads\/2021\/09\/61891025_2068890389904504_8534811461304713216_n-e1636585430431.jpg\" class=\"attachment-full size-full\" alt=\"\" loading=\"lazy\" srcset=\"https:\/\/projetoaprenderesonhar.org.br\/wp-content\/uploads\/2021\/09\/61891025_2068890389904504_8534811461304713216_n-e1636585430431.jpg 695w, https:\/\/projetoaprenderesonhar.org.br\/wp-content\/uploads\/2021\/09\/61891025_2068890389904504_8534811461304713216_n-e1636585430431-300x225.jpg 300w, https:\/\/projetoaprenderesonhar.org.br\/wp-content\/uploads\/2021\/09\/61891025_2068890389904504_8534811461304713216_n-e1636585430431-230x172.jpg 230w, https:\/\/projetoaprenderesonhar.org.br\/wp-content\/uploads\/2021\/09\/61891025_2068890389904504_8534811461304713216_n-e1636585430431-350x262.jpg 350w, https:\/\/projetoaprenderesonhar.org.br\/wp-content\/uploads\/2021\/09\/61891025_2068890389904504_8534811461304713216_n-e1636585430431-480x360.jpg 480w\" sizes=\"(max-width: 695px) 100vw, 695px\" \/><\/a>\n\t\t\t<\/div><\/figure><figure class='gallery-item'>\n\t\t\t<div class='gallery-icon landscape'>\n\t\t\t\t<a href='https:\/\/projetoaprenderesonhar.org.br\/?attachment_id=43'><img width=\"696\" height=\"522\" src=\"https:\/\/projetoaprenderesonhar.org.br\/wp-content\/uploads\/2021\/09\/62059477_2068891023237774_4499810512732684288_n-e1636585377730.jpg\" class=\"attachment-full size-full\" alt=\"\" loading=\"lazy\" srcset=\"https:\/\/projetoaprenderesonhar.org.br\/wp-content\/uploads\/2021\/09\/62059477_2068891023237774_4499810512732684288_n-e1636585377730.jpg 696w, https:\/\/projetoaprenderesonhar.org.br\/wp-content\/uploads\/2021\/09\/62059477_2068891023237774_4499810512732684288_n-e1636585377730-300x225.jpg 300w, https:\/\/projetoaprenderesonhar.org.br\/wp-content\/uploads\/2021\/09\/62059477_2068891023237774_4499810512732684288_n-e1636585377730-230x173.jpg 230w, https:\/\/projetoaprenderesonhar.org.br\/wp-content\/uploads\/2021\/09\/62059477_2068891023237774_4499810512732684288_n-e1636585377730-350x263.jpg 350w, https:\/\/projetoaprenderesonhar.org.br\/wp-content\/uploads\/2021\/09\/62059477_2068891023237774_4499810512732684288_n-e1636585377730-480x360.jpg 480w\" sizes=\"(max-width: 696px) 100vw, 696px\" \/><\/a>\n\t\t\t<\/div><\/figure><figure class='gallery-item'>\n\t\t\t<div class='gallery-icon landscape'>\n\t\t\t\t<a href='https:\/\/projetoaprenderesonhar.org.br\/?attachment_id=44'><img width=\"696\" height=\"522\" src=\"https:\/\/projetoaprenderesonhar.org.br\/wp-content\/uploads\/2021\/09\/aprender_sonhar3-e1636585306973.jpeg\" class=\"attachment-full size-full\" alt=\"\" loading=\"lazy\" \/><\/a>\n\t\t\t<\/div><\/figure><figure class='gallery-item'>\n\t\t\t<div class='gallery-icon landscape'>\n\t\t\t\t<a href='https:\/\/projetoaprenderesonhar.org.br\/?attachment_id=45'><img width=\"1280\" height=\"854\" src=\"https:\/\/projetoaprenderesonhar.org.br\/wp-content\/uploads\/2021\/09\/WhatsApp-Image-2020-04-27-at-14.34.30-2.jpeg\" class=\"attachment-full size-full\" alt=\"\" loading=\"lazy\" srcset=\"https:\/\/projetoaprenderesonhar.org.br\/wp-content\/uploads\/2021\/09\/WhatsApp-Image-2020-04-27-at-14.34.30-2.jpeg 1280w, https:\/\/projetoaprenderesonhar.org.br\/wp-content\/uploads\/2021\/09\/WhatsApp-Image-2020-04-27-at-14.34.30-2-300x200.jpeg 300w, https:\/\/projetoaprenderesonhar.org.br\/wp-content\/uploads\/2021\/09\/WhatsApp-Image-2020-04-27-at-14.34.30-2-1024x683.jpeg 1024w, https:\/\/projetoaprenderesonhar.org.br\/wp-content\/uploads\/2021\/09\/WhatsApp-Image-2020-04-27-at-14.34.30-2-768x512.jpeg 768w, https:\/\/projetoaprenderesonhar.org.br\/wp-content\/uploads\/2021\/09\/WhatsApp-Image-2020-04-27-at-14.34.30-2-920x614.jpeg 920w, https:\/\/projetoaprenderesonhar.org.br\/wp-content\/uploads\/2021\/09\/WhatsApp-Image-2020-04-27-at-14.34.30-2-230x153.jpeg 230w, https:\/\/projetoaprenderesonhar.org.br\/wp-content\/uploads\/2021\/09\/WhatsApp-Image-2020-04-27-at-14.34.30-2-350x234.jpeg 350w, https:\/\/projetoaprenderesonhar.org.br\/wp-content\/uploads\/2021\/09\/WhatsApp-Image-2020-04-27-at-14.34.30-2-480x320.jpeg 480w, https:\/\/projetoaprenderesonhar.org.br\/wp-content\/uploads\/2021\/09\/WhatsApp-Image-2020-04-27-at-14.34.30-2-272x182.jpeg 272w\" sizes=\"(max-width: 1280px) 100vw, 1280px\" \/><\/a>\n\t\t\t<\/div><\/figure><figure class='gallery-item'>\n\t\t\t<div class='gallery-icon landscape'>\n\t\t\t\t<a href='https:\/\/projetoaprenderesonhar.org.br\/?attachment_id=47'><img width=\"1280\" height=\"853\" src=\"https:\/\/projetoaprenderesonhar.org.br\/wp-content\/uploads\/2021\/09\/WhatsApp-Image-2020-04-29-at-14.07.57.jpeg\" class=\"attachment-full size-full\" alt=\"\" loading=\"lazy\" srcset=\"https:\/\/projetoaprenderesonhar.org.br\/wp-content\/uploads\/2021\/09\/WhatsApp-Image-2020-04-29-at-14.07.57.jpeg 1280w, https:\/\/projetoaprenderesonhar.org.br\/wp-content\/uploads\/2021\/09\/WhatsApp-Image-2020-04-29-at-14.07.57-300x200.jpeg 300w, https:\/\/projetoaprenderesonhar.org.br\/wp-content\/uploads\/2021\/09\/WhatsApp-Image-2020-04-29-at-14.07.57-1024x682.jpeg 1024w, https:\/\/projetoaprenderesonhar.org.br\/wp-content\/uploads\/2021\/09\/WhatsApp-Image-2020-04-29-at-14.07.57-768x512.jpeg 768w, https:\/\/projetoaprenderesonhar.org.br\/wp-content\/uploads\/2021\/09\/WhatsApp-Image-2020-04-29-at-14.07.57-920x613.jpeg 920w, https:\/\/projetoaprenderesonhar.org.br\/wp-content\/uploads\/2021\/09\/WhatsApp-Image-2020-04-29-at-14.07.57-230x153.jpeg 230w, https:\/\/projetoaprenderesonhar.org.br\/wp-content\/uploads\/2021\/09\/WhatsApp-Image-2020-04-29-at-14.07.57-350x233.jpeg 350w, https:\/\/projetoaprenderesonhar.org.br\/wp-content\/uploads\/2021\/09\/WhatsApp-Image-2020-04-29-at-14.07.57-480x320.jpeg 480w, https:\/\/projetoaprenderesonhar.org.br\/wp-content\/uploads\/2021\/09\/WhatsApp-Image-2020-04-29-at-14.07.57-272x182.jpeg 272w\" sizes=\"(max-width: 1280px) 100vw, 1280px\" \/><\/a>\n\t\t\t<\/div><\/figure><figure class='gallery-item'>\n\t\t\t<div class='gallery-icon landscape'>\n\t\t\t\t<a href='https:\/\/projetoaprenderesonhar.org.br\/?attachment_id=48'><img width=\"1280\" height=\"854\" src=\"https:\/\/projetoaprenderesonhar.org.br\/wp-content\/uploads\/2021\/09\/WhatsApp-Image-2020-05-13-at-15.05.15-e1636585209239.jpeg\" class=\"attachment-full size-full\" alt=\"\" loading=\"lazy\" srcset=\"https:\/\/projetoaprenderesonhar.org.br\/wp-content\/uploads\/2021\/09\/WhatsApp-Image-2020-05-13-at-15.05.15-e1636585209239.jpeg 1280w, https:\/\/projetoaprenderesonhar.org.br\/wp-content\/uploads\/2021\/09\/WhatsApp-Image-2020-05-13-at-15.05.15-e1636585209239-300x200.jpeg 300w, https:\/\/projetoaprenderesonhar.org.br\/wp-content\/uploads\/2021\/09\/WhatsApp-Image-2020-05-13-at-15.05.15-e1636585209239-1024x683.jpeg 1024w, https:\/\/projetoaprenderesonhar.org.br\/wp-content\/uploads\/2021\/09\/WhatsApp-Image-2020-05-13-at-15.05.15-e1636585209239-768x512.jpeg 768w, https:\/\/projetoaprenderesonhar.org.br\/wp-content\/uploads\/2021\/09\/WhatsApp-Image-2020-05-13-at-15.05.15-e1636585209239-920x614.jpeg 920w, https:\/\/projetoaprenderesonhar.org.br\/wp-content\/uploads\/2021\/09\/WhatsApp-Image-2020-05-13-at-15.05.15-e1636585209239-230x153.jpeg 230w, https:\/\/projetoaprenderesonhar.org.br\/wp-content\/uploads\/2021\/09\/WhatsApp-Image-2020-05-13-at-15.05.15-e1636585209239-350x234.jpeg 350w, https:\/\/projetoaprenderesonhar.org.br\/wp-content\/uploads\/2021\/09\/WhatsApp-Image-2020-05-13-at-15.05.15-e1636585209239-480x320.jpeg 480w, https:\/\/projetoaprenderesonhar.org.br\/wp-content\/uploads\/2021\/09\/WhatsApp-Image-2020-05-13-at-15.05.15-e1636585209239-272x182.jpeg 272w\" sizes=\"(max-width: 1280px) 100vw, 1280px\" \/><\/a>\n\t\t\t<\/div><\/figure>\n\t\t<\/div>\n<\/div><\/div><\/div><\/div><\/div><\/div>","protected":false},"excerpt":{"rendered":"<p>Encorajando Sonhos Seja Volunt\u00e1rio &#8220;Nossas crian\u00e7as s\u00e3o \u00fanicas, e as tratamos assim!&#8221; [&hellip;]<\/p>\n","protected":false},"author":1,"featured_media":0,"parent":0,"menu_order":0,"comment_status":"closed","ping_status":"closed","template":"page-templates\/page_fullwidth.php","meta":[],"_links":{"self":[{"href":"https:\/\/projetoaprenderesonhar.org.br\/index.php?rest_route=\/wp\/v2\/pages\/9"}],"collection":[{"href":"https:\/\/projetoaprenderesonhar.org.br\/index.php?rest_route=\/wp\/v2\/pages"}],"about":[{"href":"https:\/\/projetoaprenderesonhar.org.br\/index.php?rest_route=\/wp\/v2\/types\/page"}],"author":[{"embeddable":true,"href":"https:\/\/projetoaprenderesonhar.org.br\/index.php?rest_route=\/wp\/v2\/users\/1"}],"replies":[{"embeddable":true,"href":"https:\/\/projetoaprenderesonhar.org.br\/index.php?rest_route=%2Fwp%2Fv2%2Fcomments&post=9"}],"version-history":[{"count":48,"href":"https:\/\/projetoaprenderesonhar.org.br\/index.php?rest_route=\/wp\/v2\/pages\/9\/revisions"}],"predecessor-version":[{"id":169,"href":"https:\/\/projetoaprenderesonhar.org.br\/index.php?rest_route=\/wp\/v2\/pages\/9\/revisions\/169"}],"wp:attachment":[{"href":"https:\/\/projetoaprenderesonhar.org.br\/index.php?rest_route=%2Fwp%2Fv2%2Fmedia&parent=9"}],"curies":[{"name":"wp","href":"https:\/\/api.w.org\/{rel}","templated":true}]}}